{"id":13897,"date":"2022-03-01T11:29:33","date_gmt":"2022-03-01T10:29:33","guid":{"rendered":"https:\/\/chateau-simiane.fr\/mentions-legales\/"},"modified":"2023-04-19T11:52:00","modified_gmt":"2023-04-19T09:52:00","slug":"legal-notice","status":"publish","type":"page","link":"https:\/\/chateau-simiane.fr\/en\/legal-notice\/","title":{"rendered":"Legal Notice"},"content":{"rendered":"<p>[vc_row css=&#8221;.vc_custom_1646140919123{padding-top: 50px !important;padding-bottom: 80px !important;}&#8221;][vc_column][vc_column_text]<\/p>\n<h4 style=\"text-align: center;\">PROPRI\u00c9T\u00c9 DU SITE<\/h4>\n<p style=\"text-align: center;\">Le pr\u00e9sent site est la propri\u00e9t\u00e9 de la Ville de Valr\u00e9as :<\/p>\n<p style=\"text-align: center;\"><strong>Ville de Valr\u00e9as<\/strong><\/p>\n<p style=\"text-align: center;\">8 Pl. Aristide Briand, 84600 Valr\u00e9as<br \/>\n<a href=\"tel:0490350045\">04 90 35 00 45<\/a><\/p>\n<h4 style=\"text-align: center;\">RESPONSABILIT\u00c9 \u00c9DITORIALE<\/h4>\n<p style=\"text-align: center;\">Les publications du pr\u00e9sent site sont r\u00e9alis\u00e9es par le gestionnaire du site.<\/p>\n<h4 style=\"text-align: center;\">H\u00c9BERGEMENT<\/h4>\n<p style=\"text-align: center;\">O2 switch<br \/>\nSi\u00e8ge social : <span class=\"LrzXr\">222 Bd Gustave Flaubert, 63000 Clermont-Ferrand<\/span><br \/>\nSAS au capital de 8 000 000\u20ac<br \/>\nRCS Clermont Ferrand<br \/>\nSite web : <a href=\"https:\/\/www.o2switch.fr\/\">www.o2switch.fr<\/a><\/p>\n<h4 style=\"text-align: center;\">D\u00c9VELOPPEMENT<\/h4>\n<p style=\"text-align: center;\">Le site internet <strong>Ch\u00e2teau de Simiane<\/strong>, a \u00e9t\u00e9 cr\u00e9\u00e9 par <a href=\"https:\/\/tamento-prod.com\/tamento.com\/\">Tamento<\/a>, soci\u00e9t\u00e9 inscrite au RCS de Lyon 502 832 413, dont le si\u00e8ge social 69 boulevard des canuts, 69004 Lyon.<\/p>\n<p style=\"text-align: center;\">La soci\u00e9t\u00e9 Tamento peut \u00eatre contact\u00e9e aux coordonn\u00e9es suivantes :<\/p>\n<p style=\"text-align: center;\"><strong>TAMENTO<\/strong><br \/>\nLaurent Galichet<br \/>\n69 boulevard des Canuts, 69004 Lyon<br \/>\nT\u00e9l : 06 07 25 97 65<\/p>\n<p style=\"text-align: center;\"><strong>Cr\u00e9dits<\/strong><\/p>\n<p style=\"text-align: center;\">Photographies :<br \/>\nCopyright \u00a9 Ville de Valr\u00e9as<\/p>\n<h4 style=\"text-align: center;\">PROPRI\u00c9T\u00c9 INTELLECTUELLE<\/h4>\n<p style=\"text-align: center;\">L\u2019ensemble de ce site rel\u00e8ve de la l\u00e9gislation fran\u00e7aise et internationale sur le droit d\u2019auteur et la propri\u00e9t\u00e9 intellectuelle. Tous les droits de reproduction sont r\u00e9serv\u00e9s, y compris pour les documents t\u00e9l\u00e9chargeables et les repr\u00e9sentations iconographiques et photographiques. Le contenu du site est, sauf mention contraire, la propri\u00e9t\u00e9 de la <strong>Ville de Valr\u00e9as<\/strong>. En cons\u00e9quence et sauf mention contraire, toute utilisation des contenus du site ne peut \u00eatre faite que moyennant l\u2019autorisation \u00e9crite de <strong>la Ville de Valr\u00e9as<\/strong> dont ceux-ci restent seule juge. Toute reproduction ou repr\u00e9sentation m\u00eame partielle par quelque proc\u00e9d\u00e9 que ce soit, r\u00e9alis\u00e9e sans le consentement \u00e9crit de la <strong>Ville de Valr\u00e9as<\/strong> est interdite et illicite. Le non-respect de cette interdiction constitue une contrefa\u00e7on pouvant engager la responsabilit\u00e9 civile et p\u00e9nale du contrefacteur.<\/p>\n<h4 style=\"text-align: center; text-transform: uppercase;\">La cr\u00e9ation de liens vers \u201cSite Ch\u00e2teau\u201d<\/h4>\n<p style=\"text-align: center;\">Le site du Ch\u00e2teau de Simiane autorise la mise en place d\u2019un lien hypertexte pointant vers son contenu, sous r\u00e9serve de :<\/p>\n<ul style=\"text-align: center;\">\n<li>Ne pas utiliser la technique du lien profond (\u201cdeep linking\u201d), c\u2019est-\u00e0-dire que les pages du site chateau-simiane ne doivent pas \u00eatre imbriqu\u00e9es \u00e0 l\u2019int\u00e9rieur des pages d\u2019un autre site, mais accessible par l\u2019ouverture d\u2019une fen\u00eatre.<\/li>\n<li>Mentionner la source qui pointera gr\u00e2ce \u00e0 un lien hypertexte directement sur le contenu vis\u00e9. Les informations utilis\u00e9es ne doivent l\u2019\u00eatre qu\u2019\u00e0 des fins personnelles, associatives ou professionnelles ; toute utilisation \u00e0 des fins commerciales ou publicitaires est exclue.<\/li>\n<\/ul>\n<p style=\"text-align: center;\">Cette autorisation ne s\u2019applique pas aux sites internet diffusant des informations \u00e0 caract\u00e8re pol\u00e9mique, pornographique, x\u00e9nophobe ou pouvant, dans une plus large mesure porter atteinte \u00e0 la sensibilit\u00e9 du plus grand nombre.<\/p>\n<p style=\"text-align: center;\">Pour d\u2019autres utilisations, veuillez nous consulter.<\/p>\n<p>[\/vc_column_text][\/vc_column][\/vc_row]<\/p>\n","protected":false},"excerpt":{"rendered":"<p>[vc_row css=&#8221;.vc_custom_1646140919123{padding-top: 50px !important;padding-bottom: 80px !important;}&#8221;][vc_column][vc_column_text] PROPRI\u00c9T\u00c9 DU SITE Le pr\u00e9sent site est la propri\u00e9t\u00e9 de la Ville de Valr\u00e9as : Ville de Valr\u00e9as 8 Pl. Aristide Briand, 84600 Valr\u00e9as 04 90 35 00 45 RESPONSABILIT\u00c9 \u00c9DITORIALE Les publications du [&hellip;]<\/p>\n","protected":false},"author":1,"featured_media":3185,"parent":0,"menu_order":0,"comment_status":"closed","ping_status":"closed","template":"","meta":{"footnotes":""},"class_list":["post-13897","page","type-page","status-publish","has-post-thumbnail","hentry"],"yoast_head":"<!-- This site is optimized with the Yoast SEO plugin v26.2 - https:\/\/yoast.com\/wordpress\/plugins\/seo\/ -->\n<title>Legal Notice - Ch\u00e2teau de Simiane<\/title>\n<meta name=\"description\" content=\"Vous avez une question ou besoin de plus d&#039;informations, contactez-nous au 04 90 35 30 44 ou accueil-chateau@mairie-valreas.fr\" \/>\n<meta name=\"robots\" content=\"index, follow, max-snippet:-1, max-image-preview:large, max-video-preview:-1\" \/>\n<link rel=\"canonical\" href=\"https:\/\/chateau-simiane.fr\/en\/legal-notice\/\" \/>\n<meta property=\"og:locale\" content=\"en_US\" \/>\n<meta property=\"og:type\" content=\"article\" \/>\n<meta property=\"og:title\" content=\"Legal Notice - Ch\u00e2teau de Simiane\" \/>\n<meta property=\"og:description\" content=\"Vous avez une question ou besoin de plus d&#039;informations, contactez-nous au 04 90 35 30 44 ou accueil-chateau@mairie-valreas.fr\" \/>\n<meta property=\"og:url\" content=\"https:\/\/chateau-simiane.fr\/en\/legal-notice\/\" \/>\n<meta property=\"og:site_name\" content=\"Ch\u00e2teau de Simiane\" \/>\n<meta property=\"article:modified_time\" content=\"2023-04-19T09:52:00+00:00\" \/>\n<meta property=\"og:image\" content=\"https:\/\/chateau-simiane.fr\/wp-content\/uploads\/2019\/09\/chateau-de-simiane-vegetalisation.jpg\" \/>\n\t<meta property=\"og:image:width\" content=\"1920\" \/>\n\t<meta property=\"og:image:height\" content=\"750\" \/>\n\t<meta property=\"og:image:type\" content=\"image\/jpeg\" \/>\n<meta name=\"twitter:card\" content=\"summary_large_image\" \/>\n<meta name=\"twitter:label1\" content=\"Est. reading time\" \/>\n\t<meta name=\"twitter:data1\" content=\"2 minutes\" \/>\n<script type=\"application\/ld+json\" class=\"yoast-schema-graph\">{\"@context\":\"https:\/\/schema.org\",\"@graph\":[{\"@type\":\"WebPage\",\"@id\":\"https:\/\/chateau-simiane.fr\/en\/legal-notice\/\",\"url\":\"https:\/\/chateau-simiane.fr\/en\/legal-notice\/\",\"name\":\"Legal Notice - Ch\u00e2teau de Simiane\",\"isPartOf\":{\"@id\":\"https:\/\/chateau-simiane.fr\/#website\"},\"primaryImageOfPage\":{\"@id\":\"https:\/\/chateau-simiane.fr\/en\/legal-notice\/#primaryimage\"},\"image\":{\"@id\":\"https:\/\/chateau-simiane.fr\/en\/legal-notice\/#primaryimage\"},\"thumbnailUrl\":\"https:\/\/chateau-simiane.fr\/wp-content\/uploads\/2019\/09\/chateau-de-simiane-vegetalisation.jpg\",\"datePublished\":\"2022-03-01T10:29:33+00:00\",\"dateModified\":\"2023-04-19T09:52:00+00:00\",\"description\":\"Vous avez une question ou besoin de plus d'informations, contactez-nous au 04 90 35 30 44 ou accueil-chateau@mairie-valreas.fr\",\"breadcrumb\":{\"@id\":\"https:\/\/chateau-simiane.fr\/en\/legal-notice\/#breadcrumb\"},\"inLanguage\":\"en-US\",\"potentialAction\":[{\"@type\":\"ReadAction\",\"target\":[\"https:\/\/chateau-simiane.fr\/en\/legal-notice\/\"]}]},{\"@type\":\"ImageObject\",\"inLanguage\":\"en-US\",\"@id\":\"https:\/\/chateau-simiane.fr\/en\/legal-notice\/#primaryimage\",\"url\":\"https:\/\/chateau-simiane.fr\/wp-content\/uploads\/2019\/09\/chateau-de-simiane-vegetalisation.jpg\",\"contentUrl\":\"https:\/\/chateau-simiane.fr\/wp-content\/uploads\/2019\/09\/chateau-de-simiane-vegetalisation.jpg\",\"width\":1920,\"height\":750},{\"@type\":\"BreadcrumbList\",\"@id\":\"https:\/\/chateau-simiane.fr\/en\/legal-notice\/#breadcrumb\",\"itemListElement\":[{\"@type\":\"ListItem\",\"position\":1,\"name\":\"Accueil\",\"item\":\"https:\/\/chateau-simiane.fr\/en\/\"},{\"@type\":\"ListItem\",\"position\":2,\"name\":\"Legal Notice\"}]},{\"@type\":\"WebSite\",\"@id\":\"https:\/\/chateau-simiane.fr\/#website\",\"url\":\"https:\/\/chateau-simiane.fr\/\",\"name\":\"Ch\u00e2teau de Simiane\",\"description\":\"Monument Historique\",\"publisher\":{\"@id\":\"https:\/\/chateau-simiane.fr\/#organization\"},\"potentialAction\":[{\"@type\":\"SearchAction\",\"target\":{\"@type\":\"EntryPoint\",\"urlTemplate\":\"https:\/\/chateau-simiane.fr\/?s={search_term_string}\"},\"query-input\":{\"@type\":\"PropertyValueSpecification\",\"valueRequired\":true,\"valueName\":\"search_term_string\"}}],\"inLanguage\":\"en-US\"},{\"@type\":\"Organization\",\"@id\":\"https:\/\/chateau-simiane.fr\/#organization\",\"name\":\"Ch\u00e2teau de Simiane\",\"url\":\"https:\/\/chateau-simiane.fr\/\",\"logo\":{\"@type\":\"ImageObject\",\"inLanguage\":\"en-US\",\"@id\":\"https:\/\/chateau-simiane.fr\/#\/schema\/logo\/image\/\",\"url\":\"https:\/\/chateau-simiane.fr\/wp-content\/uploads\/2022\/03\/chateau-simiane-1024x661.png\",\"contentUrl\":\"https:\/\/chateau-simiane.fr\/wp-content\/uploads\/2022\/03\/chateau-simiane-1024x661.png\",\"width\":1024,\"height\":661,\"caption\":\"Ch\u00e2teau de Simiane\"},\"image\":{\"@id\":\"https:\/\/chateau-simiane.fr\/#\/schema\/logo\/image\/\"}}]}<\/script>\n<!-- \/ Yoast SEO plugin. -->","yoast_head_json":{"title":"Legal Notice - Ch\u00e2teau de Simiane","description":"Vous avez une question ou besoin de plus d'informations, contactez-nous au 04 90 35 30 44 ou accueil-chateau@mairie-valreas.fr","robots":{"index":"index","follow":"follow","max-snippet":"max-snippet:-1","max-image-preview":"max-image-preview:large","max-video-preview":"max-video-preview:-1"},"canonical":"https:\/\/chateau-simiane.fr\/en\/legal-notice\/","og_locale":"en_US","og_type":"article","og_title":"Legal Notice - Ch\u00e2teau de Simiane","og_description":"Vous avez une question ou besoin de plus d'informations, contactez-nous au 04 90 35 30 44 ou accueil-chateau@mairie-valreas.fr","og_url":"https:\/\/chateau-simiane.fr\/en\/legal-notice\/","og_site_name":"Ch\u00e2teau de Simiane","article_modified_time":"2023-04-19T09:52:00+00:00","og_image":[{"width":1920,"height":750,"url":"https:\/\/chateau-simiane.fr\/wp-content\/uploads\/2019\/09\/chateau-de-simiane-vegetalisation.jpg","type":"image\/jpeg"}],"twitter_card":"summary_large_image","twitter_misc":{"Est. reading time":"2 minutes"},"schema":{"@context":"https:\/\/schema.org","@graph":[{"@type":"WebPage","@id":"https:\/\/chateau-simiane.fr\/en\/legal-notice\/","url":"https:\/\/chateau-simiane.fr\/en\/legal-notice\/","name":"Legal Notice - Ch\u00e2teau de Simiane","isPartOf":{"@id":"https:\/\/chateau-simiane.fr\/#website"},"primaryImageOfPage":{"@id":"https:\/\/chateau-simiane.fr\/en\/legal-notice\/#primaryimage"},"image":{"@id":"https:\/\/chateau-simiane.fr\/en\/legal-notice\/#primaryimage"},"thumbnailUrl":"https:\/\/chateau-simiane.fr\/wp-content\/uploads\/2019\/09\/chateau-de-simiane-vegetalisation.jpg","datePublished":"2022-03-01T10:29:33+00:00","dateModified":"2023-04-19T09:52:00+00:00","description":"Vous avez une question ou besoin de plus d'informations, contactez-nous au 04 90 35 30 44 ou accueil-chateau@mairie-valreas.fr","breadcrumb":{"@id":"https:\/\/chateau-simiane.fr\/en\/legal-notice\/#breadcrumb"},"inLanguage":"en-US","potentialAction":[{"@type":"ReadAction","target":["https:\/\/chateau-simiane.fr\/en\/legal-notice\/"]}]},{"@type":"ImageObject","inLanguage":"en-US","@id":"https:\/\/chateau-simiane.fr\/en\/legal-notice\/#primaryimage","url":"https:\/\/chateau-simiane.fr\/wp-content\/uploads\/2019\/09\/chateau-de-simiane-vegetalisation.jpg","contentUrl":"https:\/\/chateau-simiane.fr\/wp-content\/uploads\/2019\/09\/chateau-de-simiane-vegetalisation.jpg","width":1920,"height":750},{"@type":"BreadcrumbList","@id":"https:\/\/chateau-simiane.fr\/en\/legal-notice\/#breadcrumb","itemListElement":[{"@type":"ListItem","position":1,"name":"Accueil","item":"https:\/\/chateau-simiane.fr\/en\/"},{"@type":"ListItem","position":2,"name":"Legal Notice"}]},{"@type":"WebSite","@id":"https:\/\/chateau-simiane.fr\/#website","url":"https:\/\/chateau-simiane.fr\/","name":"Ch\u00e2teau de Simiane","description":"Monument Historique","publisher":{"@id":"https:\/\/chateau-simiane.fr\/#organization"},"potentialAction":[{"@type":"SearchAction","target":{"@type":"EntryPoint","urlTemplate":"https:\/\/chateau-simiane.fr\/?s={search_term_string}"},"query-input":{"@type":"PropertyValueSpecification","valueRequired":true,"valueName":"search_term_string"}}],"inLanguage":"en-US"},{"@type":"Organization","@id":"https:\/\/chateau-simiane.fr\/#organization","name":"Ch\u00e2teau de Simiane","url":"https:\/\/chateau-simiane.fr\/","logo":{"@type":"ImageObject","inLanguage":"en-US","@id":"https:\/\/chateau-simiane.fr\/#\/schema\/logo\/image\/","url":"https:\/\/chateau-simiane.fr\/wp-content\/uploads\/2022\/03\/chateau-simiane-1024x661.png","contentUrl":"https:\/\/chateau-simiane.fr\/wp-content\/uploads\/2022\/03\/chateau-simiane-1024x661.png","width":1024,"height":661,"caption":"Ch\u00e2teau de Simiane"},"image":{"@id":"https:\/\/chateau-simiane.fr\/#\/schema\/logo\/image\/"}}]}},"_links":{"self":[{"href":"https:\/\/chateau-simiane.fr\/en\/wp-json\/wp\/v2\/pages\/13897","targetHints":{"allow":["GET"]}}],"collection":[{"href":"https:\/\/chateau-simiane.fr\/en\/wp-json\/wp\/v2\/pages"}],"about":[{"href":"https:\/\/chateau-simiane.fr\/en\/wp-json\/wp\/v2\/types\/page"}],"author":[{"embeddable":true,"href":"https:\/\/chateau-simiane.fr\/en\/wp-json\/wp\/v2\/users\/1"}],"replies":[{"embeddable":true,"href":"https:\/\/chateau-simiane.fr\/en\/wp-json\/wp\/v2\/comments?post=13897"}],"version-history":[{"count":2,"href":"https:\/\/chateau-simiane.fr\/en\/wp-json\/wp\/v2\/pages\/13897\/revisions"}],"predecessor-version":[{"id":14757,"href":"https:\/\/chateau-simiane.fr\/en\/wp-json\/wp\/v2\/pages\/13897\/revisions\/14757"}],"wp:featuredmedia":[{"embeddable":true,"href":"https:\/\/chateau-simiane.fr\/en\/wp-json\/wp\/v2\/media\/3185"}],"wp:attachment":[{"href":"https:\/\/chateau-simiane.fr\/en\/wp-json\/wp\/v2\/media?parent=13897"}],"curies":[{"name":"wp","href":"https:\/\/api.w.org\/{rel}","templated":true}]}}